{"id":1102,"date":"2024-01-12T17:04:40","date_gmt":"2024-01-12T17:04:40","guid":{"rendered":"https:\/\/bewoleader.com\/?page_id=1102"},"modified":"2024-03-17T17:23:43","modified_gmt":"2024-03-17T17:23:43","slug":"mi-historia","status":"publish","type":"page","link":"https:\/\/bewoleader.com\/en\/mi-historia\/","title":{"rendered":"Mi Historia"},"content":{"rendered":"<p>[et_pb_section fb_built=&#8221;1&#8243; _builder_version=&#8221;4.23.2&#8243; _module_preset=&#8221;default&#8221; background_color=&#8221;#f2f2f2&#8243; custom_margin=&#8221;50px||||false|false&#8221; da_disable_devices=&#8221;off|off|off&#8221; locked=&#8221;off&#8221; global_colors_info=&#8221;{}&#8221; da_is_popup=&#8221;off&#8221; da_exit_intent=&#8221;off&#8221; da_has_close=&#8221;on&#8221; da_alt_close=&#8221;off&#8221; da_dark_close=&#8221;off&#8221; da_not_modal=&#8221;on&#8221; da_is_singular=&#8221;off&#8221; da_with_loader=&#8221;off&#8221; da_has_shadow=&#8221;on&#8221;][et_pb_row column_structure=&#8221;3_5,2_5&#8243; _builder_version=&#8221;4.23.2&#8243; _module_preset=&#8221;default&#8221; global_colors_info=&#8221;{}&#8221;][et_pb_column type=&#8221;3_5&#8243; _builder_version=&#8221;4.23.2&#8243; _module_preset=&#8221;default&#8221; global_colors_info=&#8221;{}&#8221;][et_pb_text _builder_version=&#8221;4.24.2&#8243; _module_preset=&#8221;default&#8221; text_font=&#8221;Prata|700|||||||&#8221; text_text_color=&#8221;#000000&#8243; text_font_size=&#8221;50px&#8221; text_line_height=&#8221;0em&#8221; text_orientation=&#8221;right&#8221; custom_margin=&#8221;50px||||false|false&#8221; animation_style=&#8221;zoom&#8221; text_font_size_tablet=&#8221;50px&#8221; text_font_size_phone=&#8221;27px&#8221; text_font_size_last_edited=&#8221;on|phone&#8221; global_colors_info=&#8221;{}&#8221;]<\/p>\n<p style=\"text-align: left;\">Mar\u00eda Victoria Ria\u00f1o<\/p>\n<p>[\/et_pb_text][et_pb_text _builder_version=&#8221;4.24.2&#8243; _module_preset=&#8221;default&#8221; header_font=&#8221;Cairo|600|||||||&#8221; header_text_align=&#8221;right&#8221; header_text_color=&#8221;#000000&#8243; header_font_size=&#8221;21px&#8221; header_2_font=&#8221;Cairo|300|||||||&#8221; header_2_text_align=&#8221;right&#8221; header_2_text_color=&#8221;#000000&#8243; header_2_font_size=&#8221;21px&#8221; header_2_line_height=&#8221;1.5em&#8221; text_orientation=&#8221;right&#8221; custom_margin=&#8221;50px|||-50px|false|false&#8221; custom_margin_tablet=&#8221;50px|||-50px|false|false&#8221; custom_margin_phone=&#8221;50px|||0px|false|false&#8221; custom_margin_last_edited=&#8221;on|phone&#8221; animation_style=&#8221;zoom&#8221; header_2_font_size_tablet=&#8221;21px&#8221; header_2_font_size_phone=&#8221;19px&#8221; header_2_font_size_last_edited=&#8221;on|phone&#8221; global_colors_info=&#8221;{}&#8221;]<\/p>\n<div class=\"elementor-element elementor-element-2b5ac25 elementor-widget elementor-widget-text-editor\" data-id=\"2b5ac25\" data-element_type=\"widget\" data-widget_type=\"text-editor.default\">\n<div class=\"elementor-widget-container\">\n<h1 style=\"text-align: left;\">El liderazgo consciente es real y sus resultados lo son a\u00fan m\u00e1s<\/h1>\n<\/div>\n<\/div>\n<div class=\"elementor-element elementor-element-c171257 elementor-widget elementor-widget-text-editor\" data-id=\"c171257\" data-element_type=\"widget\" data-widget_type=\"text-editor.default\">\n<div class=\"elementor-widget-container\">\n<h2 style=\"text-align: left;\">Mar\u00eda Victoria Ria\u00f1o es una distinguida ejecutiva senior con m\u00e1s de 30 a\u00f1os de experiencia en los sectores de hidrocarburos y financiero. Su carrera se ha caracterizado por un compromiso inquebrantable con el dise\u00f1o y desarrollo de planes estrat\u00e9gicos y financieros, as\u00ed como por la implementaci\u00f3n de pr\u00e1cticas innovadoras en gesti\u00f3n y liderazgo.<\/h2>\n<h2 style=\"text-align: left;\">Actualmente, Mar\u00eda Victoria despliega su profundo conocimiento y habilidades como parte integral de Bewo, una empresa dedicada a potenciar el liderazgo personal. En Bewo, la convicci\u00f3n fundamental es que cada individuo posee un potencial latente para liderar, y mediante el cultivo de habilidades y mentalidades adecuadas, se puede alcanzar el m\u00e1ximo desarrollo personal y profesional.<\/h2>\n<h2 style=\"text-align: left;\">A lo largo de su extensa trayectoria, Mar\u00eda Victoria ha destacado como l\u00edder visionaria y estratega experta. Su experiencia abarca la definici\u00f3n de indicadores de desempe\u00f1o, la creaci\u00f3n de sistemas de control de gesti\u00f3n y seguimiento a proyectos, as\u00ed como la gesti\u00f3n integral de riesgos. Su contribuci\u00f3n va m\u00e1s all\u00e1 de la esfera financiera, ya que ha liderado procesos de gesti\u00f3n del cambio, modelos de cultura y liderazgo, fomentando la innovaci\u00f3n y la creatividad en cada paso.<\/h2>\n<\/div>\n<\/div>\n<p>[\/et_pb_text][\/et_pb_column][et_pb_column type=&#8221;2_5&#8243; _builder_version=&#8221;4.23.2&#8243; _module_preset=&#8221;default&#8221; global_colors_info=&#8221;{}&#8221;][et_pb_image src=&#8221;https:\/\/bewoleader.com\/wp-content\/uploads\/2023\/08\/Maria_Victoria_Riano.jpg&#8221; _builder_version=&#8221;4.24.2&#8243; _module_preset=&#8221;default&#8221; transform_scale=&#8221;90%|90%&#8221; custom_margin=&#8221;100px||||false|false&#8221; animation_style=&#8221;zoom&#8221; border_radii=&#8221;on|20px|20px|20px|20px&#8221; box_shadow_style=&#8221;preset2&#8243; global_colors_info=&#8221;{}&#8221;][\/et_pb_image][\/et_pb_column][\/et_pb_row][\/et_pb_section][et_pb_section fb_built=&#8221;1&#8243; fullwidth=&#8221;on&#8221; _builder_version=&#8221;4.24.2&#8243; _module_preset=&#8221;default&#8221; da_disable_devices=&#8221;off|off|off&#8221; global_colors_info=&#8221;{}&#8221; da_is_popup=&#8221;off&#8221; da_exit_intent=&#8221;off&#8221; da_has_close=&#8221;on&#8221; da_alt_close=&#8221;off&#8221; da_dark_close=&#8221;off&#8221; da_not_modal=&#8221;on&#8221; da_is_singular=&#8221;off&#8221; da_with_loader=&#8221;off&#8221; da_has_shadow=&#8221;on&#8221;][\/et_pb_section][et_pb_section fb_built=&#8221;1&#8243; _builder_version=&#8221;4.24.2&#8243; _module_preset=&#8221;default&#8221; background_color=&#8221;#dd752c&#8221; custom_margin=&#8221;-50px||||false|false&#8221; hover_enabled=&#8221;0&#8243; da_disable_devices=&#8221;off|off|off&#8221; locked=&#8221;off&#8221; global_colors_info=&#8221;{}&#8221; sticky_enabled=&#8221;0&#8243; da_is_popup=&#8221;off&#8221; da_exit_intent=&#8221;off&#8221; da_has_close=&#8221;on&#8221; da_alt_close=&#8221;off&#8221; da_dark_close=&#8221;off&#8221; da_not_modal=&#8221;on&#8221; da_is_singular=&#8221;off&#8221; da_with_loader=&#8221;off&#8221; da_has_shadow=&#8221;on&#8221;][et_pb_row _builder_version=&#8221;4.24.2&#8243; _module_preset=&#8221;default&#8221; animation_style=&#8221;zoom&#8221; global_colors_info=&#8221;{}&#8221;][et_pb_column type=&#8221;4_4&#8243; _builder_version=&#8221;4.23.1&#8243; _module_preset=&#8221;default&#8221; global_colors_info=&#8221;{}&#8221;][et_pb_text _builder_version=&#8221;4.24.2&#8243; _module_preset=&#8221;default&#8221; text_font=&#8221;Prata|700|||||||&#8221; text_text_color=&#8221;#FFFFFF&#8221; text_font_size=&#8221;50px&#8221; text_line_height=&#8221;0em&#8221; text_orientation=&#8221;center&#8221; custom_margin=&#8221;0px||||false|false&#8221; animation_style=&#8221;zoom&#8221; text_font_size_tablet=&#8221;50px&#8221; text_font_size_phone=&#8221;30px&#8221; text_font_size_last_edited=&#8221;on|phone&#8221; text_line_height_tablet=&#8221;0em&#8221; text_line_height_phone=&#8221;1em&#8221; text_line_height_last_edited=&#8221;on|phone&#8221; locked=&#8221;off&#8221; inline_fonts=&#8221;Montserrat&#8221; global_colors_info=&#8221;{}&#8221;]<\/p>\n<p><span style=\"font-family: Montserrat;\">Prop\u00f3sito de vida<\/span><\/p>\n<p>[\/et_pb_text][et_pb_text _builder_version=&#8221;4.24.2&#8243; _module_preset=&#8221;default&#8221; text_font=&#8221;Poppins|300|||||||&#8221; text_text_color=&#8221;#FFFFFF&#8221; text_font_size=&#8221;22px&#8221; text_line_height=&#8221;1em&#8221; text_orientation=&#8221;center&#8221; custom_margin=&#8221;40px||||false|false&#8221; text_font_size_tablet=&#8221;31px&#8221; text_font_size_phone=&#8221;24px&#8221; text_font_size_last_edited=&#8221;on|phone&#8221; inline_fonts=&#8221;Poppins&#8221; global_colors_info=&#8221;{}&#8221;]<\/p>\n<p>Busco cultivar ambientes laborales donde la felicidad, el respeto, la solidaridad y la inclusi\u00f3n sean pilares fundamentales. Como l\u00edder, aspiro a coordinar equipos de alto desempe\u00f1o y contribuir al surgimiento de empresas equitativas, inclusivas y conscientes. Mi papel como miembro independiente y patrimonial en juntas directivas y asesoras del sector financiero y real me ha brindado la plataforma para impulsar este cambio.<\/p>\n<p>[\/et_pb_text][\/et_pb_column][\/et_pb_row][\/et_pb_section]<\/p>\n","protected":false},"excerpt":{"rendered":"<p>Mar\u00eda Victoria Ria\u00f1o El liderazgo consciente es real y sus resultados lo son a\u00fan m\u00e1s Mar\u00eda Victoria Ria\u00f1o es una distinguida ejecutiva senior con m\u00e1s de 30 a\u00f1os de experiencia en los sectores de hidrocarburos y financiero. Su carrera se ha caracterizado por un compromiso inquebrantable con el dise\u00f1o y desarrollo de planes estrat\u00e9gicos y [&hellip;]<\/p>\n","protected":false},"author":1,"featured_media":0,"parent":0,"menu_order":0,"comment_status":"closed","ping_status":"closed","template":"","meta":{"_et_pb_use_builder":"on","_et_pb_old_content":"<!-- wp:divi\/placeholder \/-->","_et_gb_content_width":"","footnotes":""},"_links":{"self":[{"href":"https:\/\/bewoleader.com\/en\/wp-json\/wp\/v2\/pages\/1102"}],"collection":[{"href":"https:\/\/bewoleader.com\/en\/wp-json\/wp\/v2\/pages"}],"about":[{"href":"https:\/\/bewoleader.com\/en\/wp-json\/wp\/v2\/types\/page"}],"author":[{"embeddable":true,"href":"https:\/\/bewoleader.com\/en\/wp-json\/wp\/v2\/users\/1"}],"replies":[{"embeddable":true,"href":"https:\/\/bewoleader.com\/en\/wp-json\/wp\/v2\/comments?post=1102"}],"version-history":[{"count":11,"href":"https:\/\/bewoleader.com\/en\/wp-json\/wp\/v2\/pages\/1102\/revisions"}],"predecessor-version":[{"id":1444,"href":"https:\/\/bewoleader.com\/en\/wp-json\/wp\/v2\/pages\/1102\/revisions\/1444"}],"wp:attachment":[{"href":"https:\/\/bewoleader.com\/en\/wp-json\/wp\/v2\/media?parent=1102"}],"curies":[{"name":"wp","href":"https:\/\/api.w.org\/{rel}","templated":true}]}}