{"id":1122,"date":"2024-01-12T17:08:56","date_gmt":"2024-01-12T17:08:56","guid":{"rendered":"https:\/\/bewoleader.com\/?page_id=1122"},"modified":"2024-06-10T20:18:38","modified_gmt":"2024-06-10T20:18:38","slug":"stakeholders","status":"publish","type":"page","link":"https:\/\/bewoleader.com\/en\/stakeholders\/","title":{"rendered":"Stakeholders"},"content":{"rendered":"<p>[et_pb_section fb_built=&#8221;1&#8243; next_background_color=&#8221;#f2f2f2&#8243; _builder_version=&#8221;4.23.2&#8243; _module_preset=&#8221;default&#8221; background_color=&#8221;#0d7b76&#8243; height=&#8221;500px&#8221; custom_margin=&#8221;110px||||false|false&#8221; bottom_divider_style=&#8221;arrow3&#8243; da_disable_devices=&#8221;off|off|off&#8221; global_colors_info=&#8221;{}&#8221; da_is_popup=&#8221;off&#8221; da_exit_intent=&#8221;off&#8221; da_has_close=&#8221;on&#8221; da_alt_close=&#8221;off&#8221; da_dark_close=&#8221;off&#8221; da_not_modal=&#8221;on&#8221; da_is_singular=&#8221;off&#8221; da_with_loader=&#8221;off&#8221; da_has_shadow=&#8221;on&#8221;][et_pb_row _builder_version=&#8221;4.23.2&#8243; _module_preset=&#8221;default&#8221; global_colors_info=&#8221;{}&#8221;][et_pb_column type=&#8221;4_4&#8243; _builder_version=&#8221;4.23.2&#8243; _module_preset=&#8221;default&#8221; global_colors_info=&#8221;{}&#8221;][et_pb_text _builder_version=&#8221;4.23.4&#8243; _module_preset=&#8221;default&#8221; text_font=&#8221;Prata|700|||||||&#8221; text_text_color=&#8221;#FFFFFF&#8221; text_font_size=&#8221;50px&#8221; text_line_height=&#8221;0em&#8221; text_orientation=&#8221;center&#8221; custom_margin=&#8221;0px||||false|false&#8221; animation_style=&#8221;zoom&#8221; text_font_size_tablet=&#8221;50px&#8221; text_font_size_phone=&#8221;30px&#8221; text_font_size_last_edited=&#8221;on|phone&#8221; text_line_height_tablet=&#8221;0em&#8221; text_line_height_phone=&#8221;1em&#8221; text_line_height_last_edited=&#8221;on|phone&#8221; locked=&#8221;off&#8221; global_colors_info=&#8221;{}&#8221;]<\/p>\n<p>Liderazgo Consciente<\/p>\n<p>[\/et_pb_text][\/et_pb_column][\/et_pb_row][et_pb_row column_structure=&#8221;1_5,3_5,1_5&#8243; _builder_version=&#8221;4.23.4&#8243; _module_preset=&#8221;default&#8221; width=&#8221;100%&#8221; width_tablet=&#8221;80%&#8221; width_phone=&#8221;80%&#8221; width_last_edited=&#8221;on|phone&#8221; max_width=&#8221;1150px&#8221; max_width_tablet=&#8221;1080px&#8221; max_width_phone=&#8221;1080%&#8221; max_width_last_edited=&#8221;on|phone&#8221; global_colors_info=&#8221;{}&#8221;][et_pb_column type=&#8221;1_5&#8243; _builder_version=&#8221;4.23.2&#8243; _module_preset=&#8221;default&#8221; global_colors_info=&#8221;{}&#8221;][\/et_pb_column][et_pb_column type=&#8221;3_5&#8243; _builder_version=&#8221;4.23.2&#8243; _module_preset=&#8221;default&#8221; global_colors_info=&#8221;{}&#8221;][et_pb_video src=&#8221;https:\/\/bewoleader.com\/wp-content\/uploads\/2024\/06\/Circulos-virtuosos.mp4&#8243; _builder_version=&#8221;4.25.1&#8243; _module_preset=&#8221;default&#8221; custom_margin=&#8221;0px||||false|false&#8221; custom_margin_tablet=&#8221;0px||||false|false&#8221; custom_margin_phone=&#8221;0px||||false|false&#8221; custom_margin_last_edited=&#8221;on|phone&#8221; border_radii=&#8221;on|30px|30px|30px|30px&#8221; global_colors_info=&#8221;{}&#8221;][\/et_pb_video][\/et_pb_column][et_pb_column type=&#8221;1_5&#8243; _builder_version=&#8221;4.23.2&#8243; _module_preset=&#8221;default&#8221; global_colors_info=&#8221;{}&#8221;][\/et_pb_column][\/et_pb_row][\/et_pb_section][et_pb_section fb_built=&#8221;1&#8243; _builder_version=&#8221;4.23.2&#8243; _module_preset=&#8221;default&#8221; background_color=&#8221;#f2f2f2&#8243; da_disable_devices=&#8221;off|off|off&#8221; global_colors_info=&#8221;{}&#8221; da_is_popup=&#8221;off&#8221; da_exit_intent=&#8221;off&#8221; da_has_close=&#8221;on&#8221; da_alt_close=&#8221;off&#8221; da_dark_close=&#8221;off&#8221; da_not_modal=&#8221;on&#8221; da_is_singular=&#8221;off&#8221; da_with_loader=&#8221;off&#8221; da_has_shadow=&#8221;on&#8221;][et_pb_row module_class=&#8221;cs_btn&#8221; _builder_version=&#8221;4.23.2&#8243; _module_preset=&#8221;default&#8221; locked=&#8221;off&#8221; global_colors_info=&#8221;{}&#8221;][et_pb_column type=&#8221;4_4&#8243; _builder_version=&#8221;4.23.2&#8243; _module_preset=&#8221;default&#8221; global_colors_info=&#8221;{}&#8221;][et_pb_text _builder_version=&#8221;4.23.4&#8243; _module_preset=&#8221;default&#8221; text_font=&#8221;Prata|700|||||||&#8221; text_text_color=&#8221;#000000&#8243; text_font_size=&#8221;50px&#8221; text_line_height=&#8221;1em&#8221; text_orientation=&#8221;center&#8221; custom_margin=&#8221;0px||||false|false&#8221; custom_margin_tablet=&#8221;0px||||false|false&#8221; custom_margin_phone=&#8221;-30px||||false|false&#8221; custom_margin_last_edited=&#8221;on|phone&#8221; animation_style=&#8221;zoom&#8221; text_font_size_tablet=&#8221;50px&#8221; text_font_size_phone=&#8221;30px&#8221; text_font_size_last_edited=&#8221;on|phone&#8221; locked=&#8221;off&#8221; global_colors_info=&#8221;{}&#8221;]<\/p>\n<p>\u00bfTe interesa esta charla?<\/p>\n<p>[\/et_pb_text][et_pb_button button_url=&#8221;https:\/\/wa.link\/xkhmv1&#8243; url_new_window=&#8221;on&#8221; button_text=&#8221;Solicitar la charla ahora mismo&#8221; button_alignment=&#8221;center&#8221; _builder_version=&#8221;4.25.1&#8243; _module_preset=&#8221;default&#8221; custom_button=&#8221;on&#8221; button_text_color=&#8221;#ffffff&#8221; button_bg_color=&#8221;#0d7b76&#8243; button_border_width=&#8221;0px&#8221; button_border_radius=&#8221;33px&#8221; button_font=&#8221;Prata|700|||||||&#8221; button_icon=&#8221;&#xf232;||fa||400&#8243; custom_margin=&#8221;|0px||0px|false|true&#8221; button_text_size_tablet=&#8221;&#8221; button_text_size_phone=&#8221;17px&#8221; button_text_size_last_edited=&#8221;on|phone&#8221; locked=&#8221;off&#8221; global_colors_info=&#8221;{}&#8221;][\/et_pb_button][\/et_pb_column][\/et_pb_row][et_pb_row column_structure=&#8221;1_2,1_2&#8243; module_class=&#8221;cs_btn&#8221; _builder_version=&#8221;4.23.4&#8243; _module_preset=&#8221;default&#8221; custom_margin=&#8221;20px||||false|false&#8221; global_colors_info=&#8221;{}&#8221;][et_pb_column type=&#8221;1_2&#8243; _builder_version=&#8221;4.23.2&#8243; _module_preset=&#8221;default&#8221; global_colors_info=&#8221;{}&#8221;][et_pb_text _builder_version=&#8221;4.25.1&#8243; _module_preset=&#8221;default&#8221; text_font=&#8221;Prata|700|||||||&#8221; text_text_color=&#8221;#000000&#8243; text_font_size=&#8221;36px&#8221; text_line_height=&#8221;1em&#8221; custom_margin=&#8221;0px||||false|false&#8221; animation_style=&#8221;zoom&#8221; text_font_size_tablet=&#8221;36px&#8221; text_font_size_phone=&#8221;30px&#8221; text_font_size_last_edited=&#8221;on|phone&#8221; text_orientation_tablet=&#8221;&#8221; text_orientation_phone=&#8221;center&#8221; text_orientation_last_edited=&#8221;on|phone&#8221; locked=&#8221;off&#8221; global_colors_info=&#8221;{}&#8221;]<\/p>\n<p>\u00bfQu\u00e9 veras en esta charla?<\/p>\n<p>[\/et_pb_text][et_pb_text _builder_version=&#8221;4.25.1&#8243; _module_preset=&#8221;default&#8221; header_font=&#8221;Cairo|600|||||||&#8221; header_text_align=&#8221;left&#8221; header_text_color=&#8221;#000000&#8243; header_font_size=&#8221;23px&#8221; header_2_font=&#8221;Cairo|300|||||||&#8221; header_2_text_align=&#8221;left&#8221; header_2_text_color=&#8221;#000000&#8243; header_2_font_size=&#8221;21px&#8221; header_2_line_height=&#8221;1.5em&#8221; custom_margin=&#8221;10px||||false|false&#8221; animation_style=&#8221;zoom&#8221; hover_enabled=&#8221;0&#8243; header_text_align_tablet=&#8221;left&#8221; header_text_align_phone=&#8221;center&#8221; header_text_align_last_edited=&#8221;on|phone&#8221; header_font_size_tablet=&#8221;23px&#8221; header_font_size_phone=&#8221;20px&#8221; header_font_size_last_edited=&#8221;on|phone&#8221; header_2_text_align_tablet=&#8221;left&#8221; header_2_text_align_phone=&#8221;center&#8221; header_2_text_align_last_edited=&#8221;on|phone&#8221; header_2_font_size_tablet=&#8221;21px&#8221; header_2_font_size_phone=&#8221;20px&#8221; header_2_font_size_last_edited=&#8221;on|phone&#8221; locked=&#8221;off&#8221; global_colors_info=&#8221;{}&#8221; sticky_enabled=&#8221;0&#8243;]<\/p>\n<h1>&#8220;C\u00edrculos Virtuosos: Integraci\u00f3n de Stakeholders para un Ganar-Ganar-Ganar&#8221;<\/h1>\n<h2>1. Introducci\u00f3n al Concepto:<\/h2>\n<ul>\n<li>\n<h2><strong>Descripci\u00f3n General<\/strong>: Exploraci\u00f3n de c\u00f3mo la colaboraci\u00f3n entre diferentes stakeholders puede crear c\u00edrculos virtuosos que beneficien a todos.<\/h2>\n<\/li>\n<\/ul>\n<h2>2. Ponente Principal:<\/h2>\n<ul>\n<li>\n<h2><strong>[Tu nombre]<\/strong>: Experto\/a en desarrollo sostenible y relaciones con stakeholders, con amplia experiencia en proyectos colaborativos y sostenibilidad.<\/h2>\n<\/li>\n<\/ul>\n<h2>3. Temas Destacados:<\/h2>\n<ul>\n<li>\n<h2><strong>Cuidarnos unos a otros<\/strong>: C\u00f3mo el bienestar mutuo fortalece las relaciones y fomenta un entorno de confianza y cooperaci\u00f3n.<\/h2>\n<\/li>\n<\/ul>\n<h2>4. Generar Valor a Largo Plazo:<\/h2>\n<ul>\n<li>\n<h2><strong>Estrategias de Valor Sostenible<\/strong>: M\u00e9todos para asegurar que las pr\u00e1cticas empresariales beneficien a todos los stakeholders a lo largo del tiempo.<\/h2>\n<\/li>\n<\/ul>\n<h2>5. Innovaci\u00f3n y Pr\u00e1cticas Compartidas:<\/h2>\n<ul>\n<li>\n<h2><strong>Colaboraci\u00f3n Eficiente<\/strong>: C\u00f3mo la colaboraci\u00f3n interorganizacional puede llevar a mejoras significativas y sostenibles.<\/h2>\n<\/li>\n<\/ul>\n<ul><\/ul>\n<p>[\/et_pb_text][\/et_pb_column][et_pb_column type=&#8221;1_2&#8243; _builder_version=&#8221;4.23.2&#8243; _module_preset=&#8221;default&#8221; global_colors_info=&#8221;{}&#8221;][et_pb_image src=&#8221;https:\/\/bewoleader.com\/wp-content\/uploads\/2024\/01\/3.jpg&#8221; title_text=&#8221;3&#8243; align=&#8221;center&#8221; _builder_version=&#8221;4.25.1&#8243; _module_preset=&#8221;default&#8221; custom_margin=&#8221;50px||||false|false&#8221; custom_margin_tablet=&#8221;50px||||false|false&#8221; custom_margin_phone=&#8221;0px||||false|false&#8221; custom_margin_last_edited=&#8221;on|phone&#8221; border_radii=&#8221;on|30px|30px|30px|30px&#8221; box_shadow_style=&#8221;preset2&#8243; global_colors_info=&#8221;{}&#8221;][\/et_pb_image][et_pb_text _builder_version=&#8221;4.25.1&#8243; _module_preset=&#8221;default&#8221; header_font=&#8221;Cairo|600|||||||&#8221; header_text_align=&#8221;left&#8221; header_text_color=&#8221;#000000&#8243; header_font_size=&#8221;23px&#8221; header_2_font=&#8221;Cairo|300|||||||&#8221; header_2_text_align=&#8221;left&#8221; header_2_text_color=&#8221;#000000&#8243; header_2_font_size=&#8221;21px&#8221; header_2_line_height=&#8221;1.5em&#8221; custom_margin=&#8221;10px||||false|false&#8221; animation_style=&#8221;zoom&#8221; hover_enabled=&#8221;0&#8243; header_text_align_tablet=&#8221;left&#8221; header_text_align_phone=&#8221;center&#8221; header_text_align_last_edited=&#8221;on|phone&#8221; header_font_size_tablet=&#8221;23px&#8221; header_font_size_phone=&#8221;20px&#8221; header_font_size_last_edited=&#8221;on|phone&#8221; header_2_text_align_tablet=&#8221;left&#8221; header_2_text_align_phone=&#8221;center&#8221; header_2_text_align_last_edited=&#8221;on|phone&#8221; header_2_font_size_tablet=&#8221;21px&#8221; header_2_font_size_phone=&#8221;20px&#8221; header_2_font_size_last_edited=&#8221;on|phone&#8221; locked=&#8221;off&#8221; global_colors_info=&#8221;{}&#8221; sticky_enabled=&#8221;0&#8243;]<\/p>\n<h2>6. Bienestar y Cuidado del Medio Ambiente:<\/h2>\n<ul>\n<li>\n<h2><strong>Sostenibilidad Ambiental<\/strong>: Integrar pr\u00e1cticas ecol\u00f3gicas en el coraz\u00f3n de los negocios y c\u00f3mo esto beneficia a todos.<\/h2>\n<\/li>\n<\/ul>\n<h2>7. Identificaci\u00f3n y Relaci\u00f3n con Stakeholders:<\/h2>\n<ul>\n<li>\n<h2><strong>Mapeo de Interesados<\/strong>: C\u00f3mo identificar y clasificar a los stakeholders m\u00e1s relevantes para tu negocio.<\/h2>\n<\/li>\n<\/ul>\n<h2>8. Planes de Relacionamiento y Comunicaci\u00f3n:<\/h2>\n<ul>\n<li>\n<h2><strong>Relaciones Ganar-Ganar<\/strong>: C\u00f3mo dise\u00f1ar planes de acci\u00f3n que beneficien a todas las partes involucradas.<\/h2>\n<\/li>\n<\/ul>\n<p>[\/et_pb_text][\/et_pb_column][\/et_pb_row][\/et_pb_section]<\/p>\n","protected":false},"excerpt":{"rendered":"<p>Liderazgo Consciente\u00bfTe interesa esta charla?\u00bfQu\u00e9 veras en esta charla?&#8221;C\u00edrculos Virtuosos: Integraci\u00f3n de Stakeholders para un Ganar-Ganar-Ganar&#8221; 1. Introducci\u00f3n al Concepto: Descripci\u00f3n General: Exploraci\u00f3n de c\u00f3mo la colaboraci\u00f3n entre diferentes stakeholders puede crear c\u00edrculos virtuosos que beneficien a todos. 2. Ponente Principal: [Tu nombre]: Experto\/a en desarrollo sostenible y relaciones con stakeholders, con amplia experiencia en [&hellip;]<\/p>\n","protected":false},"author":1,"featured_media":0,"parent":0,"menu_order":0,"comment_status":"closed","ping_status":"closed","template":"","meta":{"_et_pb_use_builder":"on","_et_pb_old_content":"<!-- wp:divi\/placeholder \/-->","_et_gb_content_width":"","footnotes":""},"_links":{"self":[{"href":"https:\/\/bewoleader.com\/en\/wp-json\/wp\/v2\/pages\/1122"}],"collection":[{"href":"https:\/\/bewoleader.com\/en\/wp-json\/wp\/v2\/pages"}],"about":[{"href":"https:\/\/bewoleader.com\/en\/wp-json\/wp\/v2\/types\/page"}],"author":[{"embeddable":true,"href":"https:\/\/bewoleader.com\/en\/wp-json\/wp\/v2\/users\/1"}],"replies":[{"embeddable":true,"href":"https:\/\/bewoleader.com\/en\/wp-json\/wp\/v2\/comments?post=1122"}],"version-history":[{"count":6,"href":"https:\/\/bewoleader.com\/en\/wp-json\/wp\/v2\/pages\/1122\/revisions"}],"predecessor-version":[{"id":1480,"href":"https:\/\/bewoleader.com\/en\/wp-json\/wp\/v2\/pages\/1122\/revisions\/1480"}],"wp:attachment":[{"href":"https:\/\/bewoleader.com\/en\/wp-json\/wp\/v2\/media?parent=1122"}],"curies":[{"name":"wp","href":"https:\/\/api.w.org\/{rel}","templated":true}]}}