{"id":1379,"date":"2024-01-28T19:24:17","date_gmt":"2024-01-28T19:24:17","guid":{"rendered":"https:\/\/bewoleader.com\/?page_id=1379"},"modified":"2024-01-28T20:08:19","modified_gmt":"2024-01-28T20:08:19","slug":"politica-de-privacidad","status":"publish","type":"page","link":"https:\/\/bewoleader.com\/en\/politica-de-privacidad\/","title":{"rendered":"Pol\u00edtica de privacidad"},"content":{"rendered":"<p>[et_pb_section fb_built=&#8221;1&#8243; _builder_version=&#8221;4.23.1&#8243; _module_preset=&#8221;default&#8221; background_color=&#8221;#dbdbdb&#8221; da_disable_devices=&#8221;off|off|off&#8221; locked=&#8221;off&#8221; global_colors_info=&#8221;{}&#8221; da_is_popup=&#8221;off&#8221; da_exit_intent=&#8221;off&#8221; da_has_close=&#8221;on&#8221; da_alt_close=&#8221;off&#8221; da_dark_close=&#8221;off&#8221; da_not_modal=&#8221;on&#8221; da_is_singular=&#8221;off&#8221; da_with_loader=&#8221;off&#8221; da_has_shadow=&#8221;on&#8221;][et_pb_row _builder_version=&#8221;4.19.5&#8243; _module_preset=&#8221;default&#8221; global_colors_info=&#8221;{}&#8221;][et_pb_column type=&#8221;4_4&#8243; _builder_version=&#8221;4.19.5&#8243; _module_preset=&#8221;default&#8221; global_colors_info=&#8221;{}&#8221;][et_pb_text _builder_version=&#8221;4.24.0&#8243; _module_preset=&#8221;default&#8221; text_font=&#8221;Prata|600|||||||&#8221; text_text_color=&#8221;#000000&#8243; text_font_size=&#8221;50px&#8221; custom_margin=&#8221;120px||||false|false&#8221; custom_margin_tablet=&#8221;160px||||false|false&#8221; custom_margin_phone=&#8221;95px||||false|false&#8221; custom_margin_last_edited=&#8221;on|tablet&#8221; hover_enabled=&#8221;0&#8243; text_font_size_tablet=&#8221;&#8221; text_font_size_phone=&#8221;39px&#8221; text_font_size_last_edited=&#8221;on|phone&#8221; text_letter_spacing_tablet=&#8221;&#8221; text_letter_spacing_phone=&#8221;&#8221; text_letter_spacing_last_edited=&#8221;on|phone&#8221; text_line_height_tablet=&#8221;&#8221; text_line_height_phone=&#8221;1em&#8221; text_line_height_last_edited=&#8221;on|phone&#8221; global_colors_info=&#8221;{}&#8221; sticky_enabled=&#8221;0&#8243;]<\/p>\n<p><span>POL\u00cdTICA DE PRIVACIDAD<\/span><\/p>\n<p>[\/et_pb_text][\/et_pb_column][\/et_pb_row][et_pb_row _builder_version=&#8221;4.19.5&#8243; _module_preset=&#8221;default&#8221; global_colors_info=&#8221;{}&#8221;][et_pb_column type=&#8221;4_4&#8243; _builder_version=&#8221;4.19.5&#8243; _module_preset=&#8221;default&#8221; global_colors_info=&#8221;{}&#8221;][et_pb_text _builder_version=&#8221;4.24.0&#8243; _module_preset=&#8221;default&#8221; text_font=&#8221;Poppins|300|||||||&#8221; text_text_color=&#8221;#000000&#8243; text_font_size=&#8221;20px&#8221; text_line_height=&#8221;1em&#8221; global_colors_info=&#8221;{}&#8221;]<\/p>\n<p>La direcci\u00f3n de esta web es: <span style=\"text-decoration: underline; color: #000000;\"><a href=\"https:\/\/bewoleader.com\/\" style=\"color: #000000; text-decoration: underline;\">https:\/\/bewoleader.com<\/a><\/span><em><span style=\"text-decoration: underline; color: #333333;\"><\/span><\/em><span style=\"text-decoration: underline; color: #000000;\"><\/span><\/p>\n<p>[\/et_pb_text][\/et_pb_column][\/et_pb_row][et_pb_row _builder_version=&#8221;4.16&#8243; _module_preset=&#8221;default&#8221; global_colors_info=&#8221;{}&#8221;][et_pb_column type=&#8221;4_4&#8243; _builder_version=&#8221;4.16&#8243; _module_preset=&#8221;default&#8221; global_colors_info=&#8221;{}&#8221;][et_pb_text _builder_version=&#8221;4.24.0&#8243; _module_preset=&#8221;default&#8221; text_font=&#8221;Cairo||||||||&#8221; text_text_color=&#8221;#000000&#8243; text_font_size=&#8221;18px&#8221; header_2_font=&#8221;Prata|700|||||||&#8221; header_2_text_color=&#8221;#000000&#8243; header_2_font_size=&#8221;18px&#8221; header_3_font=&#8221;Prata|700|||||||&#8221; header_3_text_color=&#8221;#000000&#8243; header_3_font_size=&#8221;20px&#8221; header_4_font=&#8221;Prata|600|||||||&#8221; header_4_text_color=&#8221;#000000&#8243; header_4_font_size=&#8221;17px&#8221; custom_margin=&#8221;-20px||-50px||false|false&#8221; hover_enabled=&#8221;0&#8243; locked=&#8221;off&#8221; global_colors_info=&#8221;{}&#8221; sticky_enabled=&#8221;0&#8243;]<\/p>\n<p><strong>Fecha de entrada en vigor: 26 de enero del 2024<\/strong><\/p>\n<p><span>Bienvenido a BeWo Leader, propiedad de Mar\u00eda Victoria Ria\u00f1o. Nos preocupamos por su privacidad y nos comprometemos a proteger la informaci\u00f3n personal que comparte con nosotros. Esta Pol\u00edtica de Privacidad explica c\u00f3mo recopilamos, utilizamos, compartimos y protegemos sus datos personales.<\/span><\/p>\n<p>&nbsp;<\/p>\n<h3>1). Recopilaci\u00f3n de informaci\u00f3n<\/h3>\n<p>Informaci\u00f3n que usted nos proporciona:<\/p>\n<ul>\n<li>Nombre, direcci\u00f3n de correo electr\u00f3nico, n\u00famero de tel\u00e9fono y otra informaci\u00f3n de contacto.<\/li>\n<li>Detalles sobre eventos o charlas contratadas.<\/li>\n<\/ul>\n<p>Informaci\u00f3n que recopilamos autom\u00e1ticamente:<\/p>\n<ul>\n<li>Direcci\u00f3n IP, tipo de navegador, dispositivo utilizado, p\u00e1ginas visitadas, tiempo de navegaci\u00f3n y otros datos similares.<\/li>\n<\/ul>\n<p>&nbsp;<\/p>\n<h3>2). Uso de la informaci\u00f3n<\/h3>\n<p>Utilizamos la informaci\u00f3n personal para:<\/p>\n<h2>2.1).<span>\u00a0<\/span><strong><em>Charlas motivacionales:<\/em><\/strong><\/h2>\n<ul>\n<li>Gestionar eventos y proyectos contratados.<\/li>\n<li>Proporcionar informaci\u00f3n sobre liderazgo consciente y tem\u00e1ticas afines.<\/li>\n<\/ul>\n<h2><em>2.2) Venta de Libros:<\/em><\/h2>\n<ul>\n<li>Procesar pedidos y gestionar env\u00edos.<\/li>\n<li>Enviar informaci\u00f3n sobre nuevos lanzamientos y promociones.<\/li>\n<\/ul>\n<h2>2.3).<span>\u00a0<\/span><strong><em>Medios de comunicaci\u00f3n:<\/em><\/strong><\/h2>\n<ul>\n<li>Mantener contacto a trav\u00e9s de canales como WhatsApp.<\/li>\n<li>Enviar boletines informativos y comunicaciones de marketing.<\/li>\n<\/ul>\n<p>&nbsp;<\/p>\n<h3>3). Compartir la informaci\u00f3n<\/h3>\n<p>Podemos compartir la informaci\u00f3n personal en las siguientes situaciones:<\/p>\n<h2>3.1).<span>\u00a0<\/span><strong><em>Empresas contratantes:<\/em><\/strong><\/h2>\n<p>Compartiremos informaci\u00f3n con empresas que contraten charlas motivacionales.<\/p>\n<h2>3.2).<span>\u00a0<\/span><strong><em>Proovedores de servicios:<\/em><\/strong><\/h2>\n<p>Colaboramos con proveedores que nos ayudan a operar nuestro negocio.<\/p>\n<h2>3.3).<span>\u00a0<\/span><strong><em>Consentimiento:<\/em><\/strong><\/h2>\n<p>Compartiremos informaci\u00f3n con terceros solo con su consentimiento previo.<\/p>\n<p>&nbsp;<\/p>\n<h3>4). Derechos del titular de los datos<\/h3>\n<p>Como titular de los datos personales, usted tiene derechos que puede ejercer, incluyendo acceso, rectificaci\u00f3n, supresi\u00f3n y oposici\u00f3n. Para ejercer estos derechos o realizar consultas, utilice los medios de contacto proporcionados en nuestro sitio web.<\/p>\n<p>&nbsp;<\/p>\n<h3>5). Seguridad de la informaci\u00f3n<\/h3>\n<p>Implementamos medidas de seguridad para proteger su informaci\u00f3n personal contra el acceso no autorizado y la alteraci\u00f3n no autorizada.<\/p>\n<p>&nbsp;<\/p>\n<h3>6). Cambios en la pol\u00edtica de tratamiento de privacidad<\/h3>\n<p>Esta Pol\u00edtica de Privacidad puede actualizarse para reflejar cambios en nuestras pr\u00e1cticas. Notificaremos cambios importantes mediante publicaciones en nuestro sitio web u otros medios.<\/p>\n<p>&nbsp;<\/p>\n<h3>7). Contacto<\/h3>\n<p>Para preguntas o inquietudes sobre esta Pol\u00edtica de Privacidad, cont\u00e1ctenos a trav\u00e9s de los medios proporcionados en nuestro sitio web.<\/p>\n<p>&nbsp;<\/p>\n<p>Gracias por confiar en BeWo Leader. Su privacidad es importante para nosotros.<\/p>\n<p>&nbsp;<\/p>\n<p>[\/et_pb_text][\/et_pb_column][\/et_pb_row][\/et_pb_section]<\/p>\n","protected":false},"excerpt":{"rendered":"<p>POL\u00cdTICA DE PRIVACIDADLa direcci\u00f3n de esta web es: https:\/\/bewoleader.comFecha de entrada en vigor: 26 de enero del 2024 Bienvenido a BeWo Leader, propiedad de Mar\u00eda Victoria Ria\u00f1o. Nos preocupamos por su privacidad y nos comprometemos a proteger la informaci\u00f3n personal que comparte con nosotros. Esta Pol\u00edtica de Privacidad explica c\u00f3mo recopilamos, utilizamos, compartimos y protegemos [&hellip;]<\/p>\n","protected":false},"author":1,"featured_media":0,"parent":0,"menu_order":0,"comment_status":"closed","ping_status":"closed","template":"","meta":{"_et_pb_use_builder":"on","_et_pb_old_content":"","_et_gb_content_width":"","footnotes":""},"_links":{"self":[{"href":"https:\/\/bewoleader.com\/en\/wp-json\/wp\/v2\/pages\/1379"}],"collection":[{"href":"https:\/\/bewoleader.com\/en\/wp-json\/wp\/v2\/pages"}],"about":[{"href":"https:\/\/bewoleader.com\/en\/wp-json\/wp\/v2\/types\/page"}],"author":[{"embeddable":true,"href":"https:\/\/bewoleader.com\/en\/wp-json\/wp\/v2\/users\/1"}],"replies":[{"embeddable":true,"href":"https:\/\/bewoleader.com\/en\/wp-json\/wp\/v2\/comments?post=1379"}],"version-history":[{"count":5,"href":"https:\/\/bewoleader.com\/en\/wp-json\/wp\/v2\/pages\/1379\/revisions"}],"predecessor-version":[{"id":1392,"href":"https:\/\/bewoleader.com\/en\/wp-json\/wp\/v2\/pages\/1379\/revisions\/1392"}],"wp:attachment":[{"href":"https:\/\/bewoleader.com\/en\/wp-json\/wp\/v2\/media?parent=1379"}],"curies":[{"name":"wp","href":"https:\/\/api.w.org\/{rel}","templated":true}]}}